{"id":13,"date":"2018-07-09T14:03:00","date_gmt":"2018-07-09T14:03:00","guid":{"rendered":"http:\/\/demo-content.kaliumtheme.com\/law\/?page_id=13"},"modified":"2026-02-10T14:51:30","modified_gmt":"2026-02-10T13:51:30","slug":"kontakt","status":"publish","type":"page","link":"https:\/\/zillmer-steuerrecht.de\/en\/kontakt\/","title":{"rendered":"Contact"},"content":{"rendered":"<div class=\"wpb-content-wrapper\"><div class=\"vc-row-container vc-row-container--stretch-content-no-spaces\"><div data-vc-full-width=\"true\" data-vc-full-width-temp=\"true\" data-vc-full-width-init=\"false\" data-vc-stretch-content=\"true\" class=\"vc_row wpb_row vc_row-fluid vc_custom_1561470738986 vc_row-no-padding\"><div class=\"wpb_column vc_column_container vc_col-sm-12\"><div class=\"vc_column-inner\"><div class=\"wpb_wrapper\">\n\t<div class=\"wpb_text_column wpb_content_element vc_custom_1669115935736 post-formatting\" >\n\t\t<div class=\"wpb_wrapper\">\n\t\t\t\n\t\t<\/div>\n\t<\/div>\n<\/div><\/div><\/div><\/div><div class=\"vc_row-full-width vc_clearfix\"><\/div><\/div><div class=\"vc-row-container container\"><div class=\"vc_row wpb_row vc_row-fluid vc_custom_1561470883995\"><div class=\"wpb_column vc_column_container vc_col-sm-7\"><div class=\"vc_column-inner\"><div class=\"wpb_wrapper\">\n\t<div class=\"wpb_text_column wpb_content_element post-formatting\" >\n\t\t<div class=\"wpb_wrapper\">\n\t\t\t<h3>Get in touch<\/h3>\n\n\t\t<\/div>\n\t<\/div>\n<div class=\"lab-contact-form contact-form  vc_custom_1770731484988\">\n\n\t<form action=\"\" method=\"post\" class=\"contact-form\" id=\"el_69e7326790566\" data-alerts=\"0\" data-alerts-msg=\"Please fill &quot;%&quot; field.\" data-privacy-error-msg=\"You must check privacy policy checkbox in order to submit the form.\" novalidate data-trp-original-action=\"\">\n\n\t\t<div class=\"row\">\n\n    \t\t<div class=\"col-sm-6\">\n\t\t\t\t<div class=\"form-group labeled-input-row\">\n\t\t\t\t\t\t\t\t\t\t<label for=\"el_69e7326790566_name\">Your name:<\/label>\n\t\t\t\t\t\t\t\t\t\t<input name=\"name\" id=\"el_69e7326790566_name\" type=\"text\" placeholder=\"\" data-label=\"Ihr Name\">\n\t\t\t\t<\/div>\n    \t\t<\/div>\n\n\t\t\t<div class=\"col-sm-6\">\n\t\t\t\t<div class=\"form-group labeled-input-row\">\n\t\t\t\t\t\t\t\t\t\t<label for=\"el_69e7326790566_email\">Email:<\/label>\n\t\t\t\t\t\t\t\t\t\t<input name=\"email\" id=\"el_69e7326790566_email\" type=\"email\" placeholder=\"\" data-label=\"E-Mail\">\n\t\t\t\t<\/div>\n\t\t\t<\/div>\n\n\t\t\t\t    \t\t<div class=\"col-sm-12\">\n\t\t\t\t\t<div class=\"form-group labeled-input-row\">\n\t\t\t\t\t\t\t\t\t\t\t\t<label for=\"el_69e7326790566_subject\">Subject:<\/label>\n\t\t\t\t\t\t\t\t\t\t\t\t<input name=\"subject\" id=\"el_69e7326790566_subject\" type=\"text\" placeholder=\"\" data-label=\"Betreff\">\n\t\t\t\t\t<\/div>\n\t    \t\t<\/div>\n\t\t\t\n\t\t\t<div class=\"col-sm-12\">\n\t\t\t\t<div class=\"form-group labeled-textarea-row\">\n\t\t\t\t\t\t\t\t\t\t<label for=\"el_69e7326790566_message\">Your message:<\/label>\n\t\t\t\t\t\t\t\t\t\t<textarea name=\"message\" id=\"el_69e7326790566_message\" placeholder=\"\" data-label=\"Ihre Nachricht\"><\/textarea>\n\t\t\t\t<\/div>\n\t\t\t<\/div>\n\n\t\t<\/div><!-- row -->\n\n\t\t\t\t\t<div class=\"form-group contact-form-recaptcha\">\n\n\t\t\t\t\n\t\t\t<\/div>\n\t\t\n\t\t\t\t\t<div class=\"form-group contact-form-privacy-policy\">\n\n\t\t\t\t<label>\n\t\t\t\t\t<input type=\"checkbox\" name=\"privacy_policy_check\" \/>\n\t\t\t\t\t<span>By sending the data entered in the contact form by clicking on the button below, you agree to us using your details to respond to your enquiry or to contact you. Your data will not be passed on to third parties, unless applicable data protection regulations justify such a transfer or we are legally obliged to do so. You can revoke your consent at any time with effect for the future. In the event of revocation, your data will be deleted immediately. Your data will otherwise be deleted when we have processed your request or the purpose for storing it no longer applies. You can obtain information about the data stored about you at any time. Further information on data protection can also be found in the <a href=\"\/en\/datenschutz\/\">privacy policy<\/a> of this <a href=\"http:\/\/www.kanzlei-sieling.de\/\" target=\"_blank\">office<\/a>.<br \/><br \/>I have read this notice and agree that the data sent will only be processed and stored for the purpose of dealing with my request and then deleted.<\/span>\n\t\t\t\t<\/label>\n\n\t\t\t<\/div>\n\t\t\n\t\t<button type=\"submit\" name=\"send\" class=\"button\">\n\t\t\t<span class=\"pre-submit\">Send<\/span>\n\t\t\t<span class=\"success-msg\">Ihre Nachricht wurde erfolgreich gesendet. <i class=\"flaticon-verification24\"><\/i><\/span>\n\t\t\t<span class=\"loading-bar\">\n\t\t\t\t<span><\/span>\n\t\t\t<\/span>\n\t\t<\/button>\n\n\t<input type=\"hidden\" name=\"trp-form-language\" value=\"en\"\/><\/form>\n\n<\/div><\/div><\/div><\/div><div class=\"wpb_column vc_column_container vc_col-sm-1\"><div class=\"vc_column-inner\"><div class=\"wpb_wrapper\"><\/div><\/div><\/div><div class=\"wpb_column vc_column_container vc_col-sm-4\"><div class=\"vc_column-inner\"><div class=\"wpb_wrapper\">\n\t<div  class=\"wpb_single_image wpb_content_element vc_align_left wpb_content_element\">\n\t\t\n\t\t<figure class=\"wpb_wrapper vc_figure\">\n\t\t\t<div class=\"vc_single_image-wrapper   vc_box_border_grey\"><img loading=\"lazy\" decoding=\"async\" width=\"300\" height=\"222\" src=\"https:\/\/zillmer-steuerrecht.de\/wp-content\/uploads\/2020\/07\/Inga-Zillmer_Kontakt-2-300x222.png\" class=\"vc_single_image-img attachment-medium\" alt=\"\" title=\"Inga Zillmer Kontakt\" srcset=\"https:\/\/zillmer-steuerrecht.de\/wp-content\/uploads\/2020\/07\/Inga-Zillmer_Kontakt-2-300x222.png 300w, https:\/\/zillmer-steuerrecht.de\/wp-content\/uploads\/2020\/07\/Inga-Zillmer_Kontakt-2.png 540w\" sizes=\"auto, (max-width: 300px) 100vw, 300px\" \/><\/div>\n\t\t<\/figure>\n\t<\/div>\n\n\t<div class=\"wpb_text_column wpb_content_element post-formatting\" >\n\t\t<div class=\"wpb_wrapper\">\n\t\t\t<h3>Contact<\/h3>\n<p><strong>Telephone<\/strong> <a href=\"tel:+4971123735888\">+49 711 23735888<\/a><br \/>\n<strong>Mobile<\/strong> <a href=\"tel:+4915678767084\">+49 15678 767084<\/a><br \/>\n<strong>Email:<\/strong> <a href=\"mailto:zillmer@zillmer.tax\">zillmer@zillmer.tax<\/a><\/p>\n<p><strong>Directions<\/strong> <a href=\"https:\/\/maps.app.goo.gl\/yooqSMhFp8WTk8ZV9\" target=\"_blank\" rel=\"noopener\">Google Maps<\/a><\/p>\n\n\t\t<\/div>\n\t<\/div>\n<div class=\"vc_separator wpb_content_element vc_separator_align_center vc_sep_width_100 vc_sep_pos_align_center vc_separator_no_text vc_sep_color_grey wpb_content_element  wpb_content_element\" ><span class=\"vc_sep_holder vc_sep_holder_l\"><span class=\"vc_sep_line\"><\/span><\/span><span class=\"vc_sep_holder vc_sep_holder_r\"><span class=\"vc_sep_line\"><\/span><\/span>\n<\/div>\n\t<div class=\"wpb_text_column wpb_content_element post-formatting\" >\n\t\t<div class=\"wpb_wrapper\">\n\t\t\t<h4>Business address<\/h4>\n<p>Inga Zillmer | Lawyer (Germany)<br \/>\nCertified Tax Lawyer<br \/>\nKoenigstrasse 82, 70173 Stuttgart<\/p>\n\n\t\t<\/div>\n\t<\/div>\n<div class=\"vc_separator wpb_content_element vc_separator_align_center vc_sep_width_100 vc_sep_pos_align_center vc_separator_no_text vc_sep_color_grey wpb_content_element  wpb_content_element\" ><span class=\"vc_sep_holder vc_sep_holder_l\"><span class=\"vc_sep_line\"><\/span><\/span><span class=\"vc_sep_holder vc_sep_holder_r\"><span class=\"vc_sep_line\"><\/span><\/span>\n<\/div>\n\t<div class=\"wpb_text_column wpb_content_element post-formatting\" >\n\t\t<div class=\"wpb_wrapper\">\n\t\t\t<h4>Billing address<\/h4>\n<p>Zillmer Tax Law<br \/>\nInga Zillmer | Lawyer (Germany)<br \/>\nCertified Tax Lawyer<br \/>\nHaus Holzem 1, 53343 Wachtberg<\/p>\n\n\t\t<\/div>\n\t<\/div>\n<div class=\"vc_separator wpb_content_element vc_separator_align_center vc_sep_width_100 vc_sep_pos_align_center vc_separator_no_text vc_sep_color_grey wpb_content_element  wpb_content_element\" ><span class=\"vc_sep_holder vc_sep_holder_l\"><span class=\"vc_sep_line\"><\/span><\/span><span class=\"vc_sep_holder vc_sep_holder_r\"><span class=\"vc_sep_line\"><\/span><\/span>\n<\/div>\n\t<div class=\"wpb_text_column wpb_content_element post-formatting\" >\n\t\t<div class=\"wpb_wrapper\">\n\t\t\t<h4>Opening hours<\/h4>\n<p>Monday \u2013 Thursday<br \/>\n9:00 a.m. to 5:00 p.m.<\/p>\n<p>Friday<br \/>\n9:00 a.m. to 4:00 p.m.<\/p>\n\n\t\t<\/div>\n\t<\/div>\n<div class=\"vc_separator wpb_content_element vc_separator_align_center vc_sep_width_100 vc_sep_pos_align_center vc_separator_no_text vc_sep_color_grey wpb_content_element  wpb_content_element\" ><span class=\"vc_sep_holder vc_sep_holder_l\"><span class=\"vc_sep_line\"><\/span><\/span><span class=\"vc_sep_holder vc_sep_holder_r\"><span class=\"vc_sep_line\"><\/span><\/span>\n<\/div>\t\t<div class=\"lab-vc-social-networks  display-type-rounded-icons\">\n\t\t<ul class=\"social-networks rounded colored\"><li><a href=\"https:\/\/www.xing.com\/profile\/Inga_Zillmer?sc_o=mxb_p\" target=\"_blank\" class=\"xing\" title=\"Xing\" aria-label=\"Xing\" rel=\"noopener\"><i class=\"fab fa-xing\"><\/i><span class=\"name\">Xing<\/span><\/a><\/li><li><a href=\"https:\/\/de.linkedin.com\/in\/ingazillmertax\" target=\"_blank\" class=\"linkedin\" title=\"LinkedIn\" aria-label=\"LinkedIn\" rel=\"noopener\"><i class=\"fab fa-linkedin\"><\/i><span class=\"name\">LinkedIn<\/span><\/a><\/li><li><a href=\"mailto:zillmer@zillmer-steuerrecht.de?subject=Anfrage\" target=\"_self\" class=\"email\" title=\"Email\" aria-label=\"Email\" rel=\"noopener\"><i class=\"far fa-envelope\"><\/i><span class=\"name\">Email<\/span><\/a><\/li><\/ul>\t\t<\/div>\n\t\t<\/div><\/div><\/div><\/div><\/div>\n<\/div>","protected":false},"excerpt":{"rendered":"Kontakt aufnehmen Ihr Name: E-Mail: Betreff: Ihre Nachricht: Wenn Sie die im Kontaktformular eingegebenen Daten durch Klick auf den nachfolgenden Button \u00fcbersenden erkl\u00e4ren Sie sich damit einverstanden, dass wir Ihre Angaben f\u00fcr die Beantwortung Ihrer Anfrage bzw. Kontaktaufnahme verwenden. Eine Weitergabe an Dritte findet grunds\u00e4tzlich nicht statt, es sei denn geltende Datenschutzvorschriften rechtfertigen eine \u00dcbertragung&hellip;","protected":false},"author":1,"featured_media":0,"parent":0,"menu_order":0,"comment_status":"closed","ping_status":"closed","template":"","meta":{"_acf_changed":false,"footnotes":""},"class_list":["post-13","page","type-page","status-publish","hentry"],"acf":[],"_links":{"self":[{"href":"https:\/\/zillmer-steuerrecht.de\/en\/wp-json\/wp\/v2\/pages\/13","targetHints":{"allow":["GET"]}}],"collection":[{"href":"https:\/\/zillmer-steuerrecht.de\/en\/wp-json\/wp\/v2\/pages"}],"about":[{"href":"https:\/\/zillmer-steuerrecht.de\/en\/wp-json\/wp\/v2\/types\/page"}],"author":[{"embeddable":true,"href":"https:\/\/zillmer-steuerrecht.de\/en\/wp-json\/wp\/v2\/users\/1"}],"replies":[{"embeddable":true,"href":"https:\/\/zillmer-steuerrecht.de\/en\/wp-json\/wp\/v2\/comments?post=13"}],"version-history":[{"count":43,"href":"https:\/\/zillmer-steuerrecht.de\/en\/wp-json\/wp\/v2\/pages\/13\/revisions"}],"predecessor-version":[{"id":1846,"href":"https:\/\/zillmer-steuerrecht.de\/en\/wp-json\/wp\/v2\/pages\/13\/revisions\/1846"}],"wp:attachment":[{"href":"https:\/\/zillmer-steuerrecht.de\/en\/wp-json\/wp\/v2\/media?parent=13"}],"curies":[{"name":"wp","href":"https:\/\/api.w.org\/{rel}","templated":true}]}}