{"id":1420,"date":"2019-06-25T10:41:48","date_gmt":"2019-06-25T08:41:48","guid":{"rendered":"http:\/\/website.zillmer-steuerrecht.de\/?page_id=1420"},"modified":"2026-02-11T10:52:41","modified_gmt":"2026-02-11T09:52:41","slug":"beratung-fuer-berater-innen","status":"publish","type":"page","link":"https:\/\/zillmer-steuerrecht.de\/en\/beratung-fuer-berater-innen\/","title":{"rendered":"Advice for consultants"},"content":{"rendered":"<div class=\"wpb-content-wrapper\"><div class=\"vc-row-container container\"><div data-vc-full-width=\"true\" data-vc-full-width-temp=\"true\" data-vc-full-width-init=\"false\" data-vc-parallax=\"1.5\" data-vc-parallax-o-fade=\"on\" data-vc-parallax-image=\"https:\/\/zillmer-steuerrecht.de\/wp-content\/uploads\/2020\/05\/Z1A0283.jpg\" class=\"vc_row wpb_row vc_row-fluid vc_custom_1599050489214 vc_row-has-fill vc_general vc_parallax vc_parallax-content-moving-fade js-vc_parallax-o-fade row-stretch\"><div class=\"wpb_column vc_column_container vc_col-sm-12\"><div class=\"vc_column-inner\"><div class=\"wpb_wrapper\"><\/div><\/div><\/div><\/div><div class=\"vc_row-full-width vc_clearfix\"><\/div><\/div><div class=\"vc-row-container container\"><div class=\"vc_row wpb_row vc_row-fluid vc_custom_1561454661198\"><div class=\"wpb_column vc_column_container vc_col-sm-12\"><div class=\"vc_column-inner\"><div class=\"wpb_wrapper\">\n\t<div class=\"wpb_text_column wpb_content_element post-formatting\" >\n\t\t<div class=\"wpb_wrapper\">\n\t\t\t<h1>Advice for consultants<\/h1>\n\n\t\t<\/div>\n\t<\/div>\n<div class=\"vc_row wpb_row vc_inner vc_row-fluid\"><div class=\"wpb_column vc_column_container vc_col-sm-6\"><div class=\"vc_column-inner\"><div class=\"wpb_wrapper\">\n\t<div class=\"wpb_text_column wpb_content_element post-formatting\" >\n\t\t<div class=\"wpb_wrapper\">\n\t\t\t<h2>Complex legal issues<\/h2>\n<p>Tax legislation is very complex and is constantly changing. Tax issues often touch on a number of other areas of law, such as company law, family law, inheritance law, insolvency law or labour law. International references add another dimension.<\/p>\n\n\t\t<\/div>\n\t<\/div>\n<\/div><\/div><\/div><div class=\"wpb_column vc_column_container vc_col-sm-6\"><div class=\"vc_column-inner\"><div class=\"wpb_wrapper\">\n\t<div class=\"wpb_text_column wpb_content_element post-formatting\" >\n\t\t<div class=\"wpb_wrapper\">\n\t\t\t<h2>Achieving more in a team<\/h2>\n<p>Sometimes there is a lack of special tax law expertise for a specific project. I can fill this gap in a trustworthy cooperation with the established tax advisors and lawyers.<\/p>\n\n\t\t<\/div>\n\t<\/div>\n<\/div><\/div><\/div><\/div><\/div><\/div><\/div><div class=\"wpb_column vc_column_container vc_col-sm-12\"><div class=\"vc_column-inner\"><div class=\"wpb_wrapper\">\n\t<div class=\"wpb_text_column wpb_content_element post-formatting\" >\n\t\t<div class=\"wpb_wrapper\">\n\t\t\t<h4 style=\"text-align: center;\">I value working in a team of professionals and enjoy putting my knowledge to work for your clients.<\/h4>\n\n\t\t<\/div>\n\t<\/div>\n<\/div><\/div><\/div><\/div><\/div><div class=\"vc-row-container container\"><div class=\"vc_row wpb_row vc_row-fluid\"><div class=\"wpb_column vc_column_container vc_col-sm-12\"><div class=\"vc_column-inner\"><div class=\"wpb_wrapper\"><div class=\"vc_separator wpb_content_element vc_separator_align_center vc_sep_width_100 vc_sep_pos_align_center vc_separator_no_text wpb_content_element  wpb_content_element\" ><span class=\"vc_sep_holder vc_sep_holder_l\"><span style=\"border-color:#898989;\" class=\"vc_sep_line\"><\/span><\/span><span class=\"vc_sep_holder vc_sep_holder_r\"><span style=\"border-color:#898989;\" class=\"vc_sep_line\"><\/span><\/span>\n<\/div>\n\t<div class=\"wpb_text_column wpb_content_element post-formatting\" >\n\t\t<div class=\"wpb_wrapper\">\n\t\t\t<h4 style=\"text-align: left;\"><em>I offer you:<\/em><\/h4>\n\n\t\t<\/div>\n\t<\/div>\n<\/div><\/div><\/div><\/div><\/div><div class=\"vc-row-container container\"><div class=\"vc_row wpb_row vc_row-fluid\"><div class=\"wpb_column vc_column_container vc_col-sm-6\"><div class=\"vc_column-inner\"><div class=\"wpb_wrapper\">\n\t<div class=\"wpb_text_column wpb_content_element post-formatting\" >\n\t\t<div class=\"wpb_wrapper\">\n\t\t\t<h4>Drafting contracts<\/h4>\n<p>Do you need legal advice on drafting contracts, for example for restructuring, acquisitions or company successions? I will be happy to draft the necessary contracts or support you with a second opinion. I can protect you from major tax risks by applying to the tax office for binding information.<\/p>\n\n\t\t<\/div>\n\t<\/div>\n\n\t<div class=\"wpb_text_column wpb_content_element post-formatting\" >\n\t\t<div class=\"wpb_wrapper\">\n\t\t\t<h4>Defense advice<\/h4>\n<p>Do you reckon claims by the tax authorities unjustified? I will draft appeals and lawsuits and represent your clients before the tax authorities as well as in court. I am also happy to support you in the event of tax audits. I write expert opinions and, if desired, join meetings with the auditors as well as with your clients.<\/p>\n\n\t\t<\/div>\n\t<\/div>\n<\/div><\/div><\/div><div class=\"wpb_column vc_column_container vc_col-sm-6\"><div class=\"vc_column-inner\"><div class=\"wpb_wrapper\">\n\t<div  class=\"wpb_single_image wpb_content_element vc_align_left wpb_content_element\">\n\t\t\n\t\t<figure class=\"wpb_wrapper vc_figure\">\n\t\t\t<div class=\"vc_single_image-wrapper   vc_box_border_grey\"><img loading=\"lazy\" decoding=\"async\" width=\"945\" height=\"630\" src=\"https:\/\/zillmer-steuerrecht.de\/wp-content\/uploads\/2020\/06\/Inga3-1024x683.jpg\" class=\"vc_single_image-img attachment-large\" alt=\"\" title=\"Inga3\" srcset=\"https:\/\/zillmer-steuerrecht.de\/wp-content\/uploads\/2020\/06\/Inga3-1024x683.jpg 1024w, https:\/\/zillmer-steuerrecht.de\/wp-content\/uploads\/2020\/06\/Inga3-300x200.jpg 300w, https:\/\/zillmer-steuerrecht.de\/wp-content\/uploads\/2020\/06\/Inga3-768x512.jpg 768w, https:\/\/zillmer-steuerrecht.de\/wp-content\/uploads\/2020\/06\/Inga3-1536x1024.jpg 1536w, https:\/\/zillmer-steuerrecht.de\/wp-content\/uploads\/2020\/06\/Inga3-2048x1365.jpg 2048w, https:\/\/zillmer-steuerrecht.de\/wp-content\/uploads\/2020\/06\/Inga3-1612x1075.jpg 1612w, https:\/\/zillmer-steuerrecht.de\/wp-content\/uploads\/2020\/06\/Inga3-1116x744.jpg 1116w, https:\/\/zillmer-steuerrecht.de\/wp-content\/uploads\/2020\/06\/Inga3-806x537.jpg 806w, https:\/\/zillmer-steuerrecht.de\/wp-content\/uploads\/2020\/06\/Inga3-558x372.jpg 558w, https:\/\/zillmer-steuerrecht.de\/wp-content\/uploads\/2020\/06\/Inga3-655x437.jpg 655w\" sizes=\"auto, (max-width: 945px) 100vw, 945px\" \/><\/div>\n\t\t<\/figure>\n\t<\/div>\n<\/div><\/div><\/div><\/div><\/div><div class=\"vc-row-container container\"><div class=\"vc_row wpb_row vc_row-fluid vc_custom_1561454836364\"><div class=\"wpb_column vc_column_container vc_col-sm-12\"><div class=\"vc_column-inner\"><div class=\"wpb_wrapper\"><div class=\"vc_separator wpb_content_element vc_separator_align_center vc_sep_width_100 vc_sep_pos_align_center vc_separator_no_text wpb_content_element  wpb_content_element\" ><span class=\"vc_sep_holder vc_sep_holder_l\"><span style=\"border-color:#898989;\" class=\"vc_sep_line\"><\/span><\/span><span class=\"vc_sep_holder vc_sep_holder_r\"><span style=\"border-color:#898989;\" class=\"vc_sep_line\"><\/span><\/span>\n<\/div>\n\t<div class=\"wpb_text_column wpb_content_element post-formatting\" >\n\t\t<div class=\"wpb_wrapper\">\n\t\t\t<h4 style=\"text-align: left;\"><em>Advantages for you and your clients<\/em><\/h4>\n\n\t\t<\/div>\n\t<\/div>\n\n\t<div class=\"wpb_text_column wpb_content_element post-formatting\" >\n\t\t<div class=\"wpb_wrapper\">\n\t\t\t<ul>\n<li>You can focus on your core competencies.<\/li>\n<li>You offer your clients individual and sustainable advice.<\/li>\n<li>You save costs.<\/li>\n<li>You avoid liability risks.<\/li>\n<li>You provide a comprehensive range of consultancy services, which makes a significant contribution to client loyalty.<\/li>\n<\/ul>\n\n\t\t<\/div>\n\t<\/div>\n<style data-appended-custom-css=\"true\">.btn-index-1 {background: #a22500 !important;}<\/style><style data-appended-custom-css=\"true\">.btn-index-1 {color: #ffffff !important;}<\/style><a href=\"http:\/\/website.zillmer-steuerrecht.de\/kontakt\/\" title=\"Contact\" target=\"\" class=\"laborator-btn btn btn-index-1 btn-type-standard  btn-normal\">Contact<\/a>\n<\/div><\/div><\/div><\/div><\/div>\n<\/div>","protected":false},"excerpt":{"rendered":"Beratung f\u00fcr Berater*innen Komplexe Rechtsfragen Steuergesetze sind sehr komplex und \u00e4ndern sich fortlaufend. Steuerrechtliche Fragen ber\u00fchren oft eine Reihe anderer Rechtsgebiete wie zum Beispiel das Gesellschaftsrecht, das Familien- und Erbrecht sowie das Insolvenz- oder Arbeitsrecht. Internationale Bez\u00fcge f\u00fcgen eine weitere Dimension hinzu. Im Team mehr erreichen Manchmal fehlt f\u00fcr ein konkretes Projekt die besondere steuerrechtliche&hellip;","protected":false},"author":1,"featured_media":0,"parent":0,"menu_order":0,"comment_status":"closed","ping_status":"closed","template":"","meta":{"_acf_changed":false,"footnotes":""},"class_list":["post-1420","page","type-page","status-publish","hentry"],"acf":[],"_links":{"self":[{"href":"https:\/\/zillmer-steuerrecht.de\/en\/wp-json\/wp\/v2\/pages\/1420","targetHints":{"allow":["GET"]}}],"collection":[{"href":"https:\/\/zillmer-steuerrecht.de\/en\/wp-json\/wp\/v2\/pages"}],"about":[{"href":"https:\/\/zillmer-steuerrecht.de\/en\/wp-json\/wp\/v2\/types\/page"}],"author":[{"embeddable":true,"href":"https:\/\/zillmer-steuerrecht.de\/en\/wp-json\/wp\/v2\/users\/1"}],"replies":[{"embeddable":true,"href":"https:\/\/zillmer-steuerrecht.de\/en\/wp-json\/wp\/v2\/comments?post=1420"}],"version-history":[{"count":39,"href":"https:\/\/zillmer-steuerrecht.de\/en\/wp-json\/wp\/v2\/pages\/1420\/revisions"}],"predecessor-version":[{"id":1865,"href":"https:\/\/zillmer-steuerrecht.de\/en\/wp-json\/wp\/v2\/pages\/1420\/revisions\/1865"}],"wp:attachment":[{"href":"https:\/\/zillmer-steuerrecht.de\/en\/wp-json\/wp\/v2\/media?parent=1420"}],"curies":[{"name":"wp","href":"https:\/\/api.w.org\/{rel}","templated":true}]}}