{"id":1719,"date":"2021-10-13T17:26:46","date_gmt":"2021-10-13T15:26:46","guid":{"rendered":"http:\/\/website.zillmer-steuerrecht.de\/?page_id=1719"},"modified":"2026-02-11T11:38:45","modified_gmt":"2026-02-11T10:38:45","slug":"haeufige-fragen-faq","status":"publish","type":"page","link":"https:\/\/zillmer-steuerrecht.de\/en\/haeufige-fragen-faq\/","title":{"rendered":"FAQ - Frequently asked questions"},"content":{"rendered":"<div class=\"wpb-content-wrapper\"><div class=\"vc-row-container container\"><div data-vc-full-width=\"true\" data-vc-full-width-temp=\"true\" data-vc-full-width-init=\"false\" data-vc-parallax=\"1.5\" data-vc-parallax-o-fade=\"on\" data-vc-parallax-image=\"https:\/\/zillmer-steuerrecht.de\/wp-content\/uploads\/2020\/05\/Z1A1232.jpg\" class=\"vc_row wpb_row vc_row-fluid vc_custom_1599049937829 vc_row-has-fill vc_general vc_parallax vc_parallax-content-moving-fade js-vc_parallax-o-fade row-stretch\"><div class=\"wpb_column vc_column_container vc_col-sm-12\"><div class=\"vc_column-inner\"><div class=\"wpb_wrapper\"><\/div><\/div><\/div><\/div><div class=\"vc_row-full-width vc_clearfix\"><\/div><\/div><div class=\"vc-row-container container\"><div class=\"vc_row wpb_row vc_row-fluid vc_custom_1585222928299\"><div class=\"wpb_column vc_column_container vc_col-sm-12\"><div class=\"vc_column-inner vc_custom_1561369125212\"><div class=\"wpb_wrapper\">\n\t<div class=\"wpb_text_column wpb_content_element post-formatting\" >\n\t\t<div class=\"wpb_wrapper\">\n\t\t\t<h1>FAQ Section<\/h1>\n\n\t\t<\/div>\n\t<\/div>\n\n\t<div class=\"wpb_text_column wpb_content_element post-formatting\" >\n\t\t<div class=\"wpb_wrapper\">\n\t\t\t<h2>Frequently asked questions<\/h2>\n<p>The information contained on this page is for initial information only. It cannot replace individual legal advice. Any liability for the content of this page (in particular for accuracy and topicality) is therefore excluded.<\/p>\n<p><strong>You prefer individual advice?<\/strong><br \/>\nPlease make an appointment by telephone at +49 7141 923040 or write a message using the contact form <a href=\"https:\/\/zillmer-steuerrecht.de\/en\/kontakt\/\">contact form<\/a>. A meeting via video conference is possible, too.<\/p>\n\n\t\t<\/div>\n\t<\/div>\n<\/div><\/div><\/div><\/div><\/div><div class=\"vc-row-container container\"><div class=\"vc_row wpb_row vc_row-fluid vc_custom_1585222949489\"><div class=\"wpb_column vc_column_container vc_col-sm-12\"><div class=\"vc_column-inner\"><div class=\"wpb_wrapper\"><div class=\"vc_tta-container\" data-vc-action=\"collapse\"><div class=\"vc_general vc_tta vc_tta-accordion vc_tta-color-white vc_tta-style-modern vc_tta-shape-rounded vc_tta-o-shape-group vc_tta-controls-align-default\"><div class=\"vc_tta-panels-container\"><div class=\"vc_tta-panels\"><div class=\"vc_tta-panel\" id=\"1634137450626-fec49922-920b\" data-vc-content=\".vc_tta-panel-body\"><div class=\"vc_tta-panel-heading\"><h4 class=\"vc_tta-panel-title vc_tta-controls-icon-position-left\"><a href=\"#1634137450626-fec49922-920b\" data-vc-accordion data-vc-container=\".vc_tta-container\"><span class=\"vc_tta-title-text\">How can I lodge an objection against a tax assessment?<\/span><i class=\"vc_tta-controls-icon vc_tta-controls-icon-plus\"><\/i><\/a><\/h4><\/div><div class=\"vc_tta-panel-body\">\n\t<div class=\"wpb_text_column wpb_content_element post-formatting\" >\n\t\t<div class=\"wpb_wrapper\">\n\t\t\t<p>You can lodge an objection in writing or in writing with the tax office. If you have not given reasons for the objection, the tax office will ask you to give reasons.<\/p>\n<p>You may consult a lawyer or tax advisor at any stage of the objection procedure.<\/p>\n\n\t\t<\/div>\n\t<\/div>\n<\/div><\/div><div class=\"vc_tta-panel\" id=\"1634137704861-5a11416f-bf8c\" data-vc-content=\".vc_tta-panel-body\"><div class=\"vc_tta-panel-heading\"><h4 class=\"vc_tta-panel-title vc_tta-controls-icon-position-left\"><a href=\"#1634137704861-5a11416f-bf8c\" data-vc-accordion data-vc-container=\".vc_tta-container\"><span class=\"vc_tta-title-text\">How long can I file an objection against a tax assessment?<\/span><i class=\"vc_tta-controls-icon vc_tta-controls-icon-plus\"><\/i><\/a><\/h4><\/div><div class=\"vc_tta-panel-body\">\n\t<div class=\"wpb_text_column wpb_content_element post-formatting\" >\n\t\t<div class=\"wpb_wrapper\">\n\t\t\t<p>The time limit is one month. The objection must be received by the tax office by the deadline - sending it within the deadline is not sufficient!<\/p>\n<p>You should be particularly careful with multi-stage assessment procedures, i.e. for partnerships and joint heirship. If the first assessment is wrong, but you only notice this when taxes are high in the last assessment, it is usually too late.<\/p>\n<p>Examples:<br \/>\nParticipation in a commercial limited liability company &amp; limited partnership (GmbH &amp; Co. KG)<\/p>\n<p>Inheritance and gift tax, if the value of the transferred assets is first determined and the tax is only assessed in the second step.<\/p>\n\n\t\t<\/div>\n\t<\/div>\n<\/div><\/div><div class=\"vc_tta-panel\" id=\"1634137706731-9d387872-2a11\" data-vc-content=\".vc_tta-panel-body\"><div class=\"vc_tta-panel-heading\"><h4 class=\"vc_tta-panel-title vc_tta-controls-icon-position-left\"><a href=\"#1634137706731-9d387872-2a11\" data-vc-accordion data-vc-container=\".vc_tta-container\"><span class=\"vc_tta-title-text\">Do I have to pay the taxes even if I appeal against the tax assessment?<\/span><i class=\"vc_tta-controls-icon vc_tta-controls-icon-plus\"><\/i><\/a><\/h4><\/div><div class=\"vc_tta-panel-body\">\n\t<div class=\"wpb_text_column wpb_content_element post-formatting\" >\n\t\t<div class=\"wpb_wrapper\">\n\t\t\t<p>YES. Even if you appeal against a tax assessment or file a lawsuit before the tax court, you must pay the assessed tax. However, you can apply to delay a tax payment until the appeal proceedings have been concluded (suspension of execution). The application only has a chance of success if you can provide very good reasons that the tax assessment is wrong. If the tax office rejects the application, you can file the application with the tax court.<\/p>\n<p>If it turns out that the tax assessment was legitimate in whole or in part, you will then have to pay the taxes as finally assessed plus interest.<\/p>\n\n\t\t<\/div>\n\t<\/div>\n<\/div><\/div><div class=\"vc_tta-panel\" id=\"1634137707595-4ee951c0-ab2e\" data-vc-content=\".vc_tta-panel-body\"><div class=\"vc_tta-panel-heading\"><h4 class=\"vc_tta-panel-title vc_tta-controls-icon-position-left\"><a href=\"#1634137707595-4ee951c0-ab2e\" data-vc-accordion data-vc-container=\".vc_tta-container\"><span class=\"vc_tta-title-text\">What does an action before the tax court cost?<\/span><i class=\"vc_tta-controls-icon vc_tta-controls-icon-plus\"><\/i><\/a><\/h4><\/div><div class=\"vc_tta-panel-body\">\n\t<div class=\"wpb_text_column wpb_content_element post-formatting\" >\n\t\t<div class=\"wpb_wrapper\">\n\t\t\t<p>The costs of a lawsuit depend on the value of the subject matter. In simple terms, this is the figure you are disputing with the tax office. The higher the figure in dispute, the higher the costs.<\/p>\n<p>The costs consist of the lawyer's fees and the court costs. If you win the case, the tax office must reimburse the legal costs for the lawyer; you will also be reimbursed for the court fees. If you only partially win, the costs will only be reimbursed to you on a pro rata basis.<\/p>\n<p>You can also apply for the tax court to declare the involvement of a lawyer or tax advisor in the opposition proceedings as necessary. In that case, you will also be reimbursed the costs in whole or in part if you win in whole or in part.<\/p>\n\n\t\t<\/div>\n\t<\/div>\n<\/div><\/div><div class=\"vc_tta-panel\" id=\"1770299504116-01f982ba-e348\" data-vc-content=\".vc_tta-panel-body\"><div class=\"vc_tta-panel-heading\"><h4 class=\"vc_tta-panel-title vc_tta-controls-icon-position-left\"><a href=\"#1770299504116-01f982ba-e348\" data-vc-accordion data-vc-container=\".vc_tta-container\"><span class=\"vc_tta-title-text\">How can I appeal against the rulings of the fiscal court?<\/span><i class=\"vc_tta-controls-icon vc_tta-controls-icon-plus\"><\/i><\/a><\/h4><\/div><div class=\"vc_tta-panel-body\">\n\t<div class=\"wpb_text_column wpb_content_element post-formatting\" >\n\t\t<div class=\"wpb_wrapper\">\n\t\t\t<p>You can appeal to the Federal Fiscal Court. But be careful: the Federal Fiscal Court does not completely reopen the proceedings, but, simply put, only examines the ruling for legal errors. Therefore, you must already disclose all relevant facts in the proceedings before the tax court and present as many legal arguments as possible that support your request.<\/p>\n\n\t\t<\/div>\n\t<\/div>\n<\/div><\/div><div class=\"vc_tta-panel\" id=\"1634137823254-e64a89dd-c172\" data-vc-content=\".vc_tta-panel-body\"><div class=\"vc_tta-panel-heading\"><h4 class=\"vc_tta-panel-title vc_tta-controls-icon-position-left\"><a href=\"#1634137823254-e64a89dd-c172\" data-vc-accordion data-vc-container=\".vc_tta-container\"><span class=\"vc_tta-title-text\">Can I defer tax payment?<\/span><i class=\"vc_tta-controls-icon vc_tta-controls-icon-plus\"><\/i><\/a><\/h4><\/div><div class=\"vc_tta-panel-body\">\n\t<div class=\"wpb_text_column wpb_content_element post-formatting\" >\n\t\t<div class=\"wpb_wrapper\">\n\t\t\t<p><span id=\"spaeterzahlen\"><\/span>Even if you take legal action against a tax assessment, you must pay the assessed tax on time. If you do not meet your payment obligation, the tax office can seize your bank accounts and other assets. An attachment of accounts order often has dramatic consequences, whether it affects a private person or a company, because those affected no longer have access to liquid funds. They can no longer pay the rent or home loan installments, pay suppliers or pay employees their salary.<\/p>\n<p>To avoid that scenario, you may file a motion for deferred payment. However, the motion is granted only when you will most likely win your case. The taxpayer has to present all facts and circumstances as well as a sound legal assessment to convince the tax office or the fiscal court respectively\u00a0-\u00a0a challenging task.<br \/>\nIf you are unable to pay taxes on time, you should seek legal advice immediately.<\/p>\n\n\t\t<\/div>\n\t<\/div>\n<\/div><\/div><div class=\"vc_tta-panel\" id=\"1634137826365-0cbeec68-1a60\" data-vc-content=\".vc_tta-panel-body\"><div class=\"vc_tta-panel-heading\"><h4 class=\"vc_tta-panel-title vc_tta-controls-icon-position-left\"><a href=\"#1634137826365-0cbeec68-1a60\" data-vc-accordion data-vc-container=\".vc_tta-container\"><span class=\"vc_tta-title-text\">How long can the tax office change tax assessments?<\/span><i class=\"vc_tta-controls-icon vc_tta-controls-icon-plus\"><\/i><\/a><\/h4><\/div><div class=\"vc_tta-panel-body\">\n\t<div class=\"wpb_text_column wpb_content_element post-formatting\" >\n\t\t<div class=\"wpb_wrapper\">\n\t\t\t<p>Up to ten years. The exact period depends, among other things, on the type of tax and the previous assessment procedure.<\/p>\n\n\t\t<\/div>\n\t<\/div>\n<\/div><\/div><div class=\"vc_tta-panel\" id=\"1634137897314-b2f28bbd-6fb7\" data-vc-content=\".vc_tta-panel-body\"><div class=\"vc_tta-panel-heading\"><h4 class=\"vc_tta-panel-title vc_tta-controls-icon-position-left\"><a href=\"#1634137897314-b2f28bbd-6fb7\" data-vc-accordion data-vc-container=\".vc_tta-container\"><span class=\"vc_tta-title-text\">What should I do if I have submitted an incorrect tax return?<\/span><i class=\"vc_tta-controls-icon vc_tta-controls-icon-plus\"><\/i><\/a><\/h4><\/div><div class=\"vc_tta-panel-body\">\n\t<div class=\"wpb_text_column wpb_content_element post-formatting\" >\n\t\t<div class=\"wpb_wrapper\">\n\t\t\t<p>If you notice that you have filed an incorrect tax return, you are legally obliged to correct the incorrect information immediately. If you fail to correct it against your better judgement, you may be liable to prosecution for tax evasion. As soon as you discover an error, it is advisable to seek legal advice.<\/p>\n<p>This advice can also provide you with recommendations on how to avoid tax return errors in the future.<\/p>\n\n\t\t<\/div>\n\t<\/div>\n<\/div><\/div><div class=\"vc_tta-panel\" id=\"1634137920725-6a126e49-eecd\" data-vc-content=\".vc_tta-panel-body\"><div class=\"vc_tta-panel-heading\"><h4 class=\"vc_tta-panel-title vc_tta-controls-icon-position-left\"><a href=\"#1634137920725-6a126e49-eecd\" data-vc-accordion data-vc-container=\".vc_tta-container\"><span class=\"vc_tta-title-text\">What can I do if I notice that an old tax assessment is wrong?<\/span><i class=\"vc_tta-controls-icon vc_tta-controls-icon-plus\"><\/i><\/a><\/h4><\/div><div class=\"vc_tta-panel-body\">\n\t<div class=\"wpb_text_column wpb_content_element post-formatting\" >\n\t\t<div class=\"wpb_wrapper\">\n\t\t\t<p>Es gibt vielf\u00e4ltige \u00c4nderungsm\u00f6glichkeiten mit ganz unterschiedlichen Voraussetzungen. Von Vorteil ist es, wenn der Bescheid noch unter dem sogenannten Vorbehalt der Nachpr\u00fcfung steht.<\/p>\n<p>In multi-stage procedures, in which several tax assessments are based on each other, the amendment is often complex and can have consequential effects that one would not have expected at first glance. Comprehensive advice is therefore recommended.<\/p>\n\n\t\t<\/div>\n\t<\/div>\n<\/div><\/div><div class=\"vc_tta-panel\" id=\"1634137946683-5c341340-18c6\" data-vc-content=\".vc_tta-panel-body\"><div class=\"vc_tta-panel-heading\"><h4 class=\"vc_tta-panel-title vc_tta-controls-icon-position-left\"><a href=\"#1634137946683-5c341340-18c6\" data-vc-accordion data-vc-container=\".vc_tta-container\"><span class=\"vc_tta-title-text\">What are the costs of an appeal to the tax office?<\/span><i class=\"vc_tta-controls-icon vc_tta-controls-icon-plus\"><\/i><\/a><\/h4><\/div><div class=\"vc_tta-panel-body\">\n\t<div class=\"wpb_text_column wpb_content_element post-formatting\" >\n\t\t<div class=\"wpb_wrapper\">\n\t\t\t<p>The tax office does not charge any fees. You only pay the costs for your legal counsel.<\/p>\n<p>If you win the appeal against the tax assessment (in whole or in part), the legal fees for the appeal proceedings can be reimbursed to you (in whole or in part).<\/p>\n\n\t\t<\/div>\n\t<\/div>\n<\/div><\/div><div class=\"vc_tta-panel\" id=\"1634137968786-a16911ed-a05e\" data-vc-content=\".vc_tta-panel-body\"><div class=\"vc_tta-panel-heading\"><h4 class=\"vc_tta-panel-title vc_tta-controls-icon-position-left\"><a href=\"#1634137968786-a16911ed-a05e\" data-vc-accordion data-vc-container=\".vc_tta-container\"><span class=\"vc_tta-title-text\">I have an apartment in Germany and abroad. Do I have to pay taxes in both countries, i.e. income tax, inheritance and gift tax?<\/span><i class=\"vc_tta-controls-icon vc_tta-controls-icon-plus\"><\/i><\/a><\/h4><\/div><div class=\"vc_tta-panel-body\">\n\t<div class=\"wpb_text_column wpb_content_element post-formatting\" >\n\t\t<div class=\"wpb_wrapper\">\n\t\t\t<p>YES, this can happen. An apartment or a house are both the starting point for taxation in many countries. The Federal Republic of Germany has concluded so-called Double Tax Treaties with almost 100 countries, which are intended to prevent you from being charged with income tax\/corporation tax in both countries or to reduce the double burden. This means that you may be liable for tax on certain income in Germany while paying tax on other income abroad. Often you have to file tax returns in both countries.<\/p>\n<p>Unfortunately, there are only double taxation agreements with 6 countries for inheritance and gift tax. Relief can only be achieved through the crediting of foreign taxes, which, however, is often narrowly focused.<\/p>\n<p>Tax advice in all countries in which you have a foothold is recommended. Through my network of international specialists, I am happy to help you find the right advisor abroad.<\/p>\n\n\t\t<\/div>\n\t<\/div>\n<\/div><\/div><div class=\"vc_tta-panel\" id=\"1634137997446-3b8baf77-a337\" data-vc-content=\".vc_tta-panel-body\"><div class=\"vc_tta-panel-heading\"><h4 class=\"vc_tta-panel-title vc_tta-controls-icon-position-left\"><a href=\"#1634137997446-3b8baf77-a337\" data-vc-accordion data-vc-container=\".vc_tta-container\"><span class=\"vc_tta-title-text\">I would like to move to a foreign country. What does that mean in terms of tax?<\/span><i class=\"vc_tta-controls-icon vc_tta-controls-icon-plus\"><\/i><\/a><\/h4><\/div><div class=\"vc_tta-panel-body\">\n\t<div class=\"wpb_text_column wpb_content_element post-formatting\" >\n\t\t<div class=\"wpb_wrapper\">\n\t\t\t<p>By moving abroad, many taxpayers want to cut their ties to Germany. However, this is not so easy if there are continued links to Germany, i.e. if assets are located in Germany (e.g. real estate, shares in German companies) or part of the family continues to live in Germany.<\/p>\n<p>The move abroad can trigger exit taxation (\u00a7 6 AStG). This is particularly awkward because the move in itself does not generate liquid assets with which you can pay the exit tax.<\/p>\n<p>In this case, it is advisable to seek advice at an early stage in order to find a tailor-made solution with which the parties involved can implement their life plan in a tax-efficient and sustainable manner.<\/p>\n\n\t\t<\/div>\n\t<\/div>\n<\/div><\/div><div class=\"vc_tta-panel\" id=\"1634138018210-49ad86ee-6bc5\" data-vc-content=\".vc_tta-panel-body\"><div class=\"vc_tta-panel-heading\"><h4 class=\"vc_tta-panel-title vc_tta-controls-icon-position-left\"><a href=\"#1634138018210-49ad86ee-6bc5\" data-vc-accordion data-vc-container=\".vc_tta-container\"><span class=\"vc_tta-title-text\">How high is the gift tax, for example, on real estate and money within the family?<\/span><i class=\"vc_tta-controls-icon vc_tta-controls-icon-plus\"><\/i><\/a><\/h4><\/div><div class=\"vc_tta-panel-body\">\n\t<div class=\"wpb_text_column wpb_content_element post-formatting\" >\n\t\t<div class=\"wpb_wrapper\">\n\t\t\t<p>The tax rates range between 7% and 50%. However, there are tax exemptions which are EUR 500,000 for spouses and EUR 400,000 for children and stepchildren. Other relatives usually have to be satisfied with lower tax exemptions. Even within the family, depending on the constellation, it can be as little as EUR 20,000, i.e. exactly the same as between strangers.<\/p>\n<p>All gifts or inheritances within a ten-year period are added together. If, for example, a mother gives her son an amount of EUR 200,000 in 2016 and the son inherits another EUR 300,000 in 2022, he will have received EUR 500,000 within 10 years. Less the tax exemption of EUR 400,000, EUR 100,000 is taxable.<\/p>\n\n\t\t<\/div>\n\t<\/div>\n<\/div><\/div><div class=\"vc_tta-panel\" id=\"1770300707207-808504f4-0b92\" data-vc-content=\".vc_tta-panel-body\"><div class=\"vc_tta-panel-heading\"><h4 class=\"vc_tta-panel-title vc_tta-controls-icon-position-left\"><a href=\"#1770300707207-808504f4-0b92\" data-vc-accordion data-vc-container=\".vc_tta-container\"><span class=\"vc_tta-title-text\">I have inherited a property but cannot pay the inheritance tax. What can I do?<\/span><i class=\"vc_tta-controls-icon vc_tta-controls-icon-plus\"><\/i><\/a><\/h4><\/div><div class=\"vc_tta-panel-body\">\n\t<div class=\"wpb_text_column wpb_content_element post-formatting\" >\n\t\t<div class=\"wpb_wrapper\">\n\t\t\t<p>Because of the sharp rise in real estate prices, these cases are becoming more and more frequent. The tax is due regardless of whether the heir has sufficient liquid assets or not. Often the heir or the community of heirs has to sell the property in order to pay the inheritance tax.<\/p>\n<p>The only thing that really here is anticipatory advice before the inheritance takes effect. If an heir or heirs are facing the issue without proper planning, they should immediately take advice to avoid the adverse effects of late payment.<br \/>\nSiehe <a href=\"#1634137823254-e64a89dd-c172\">\u201eKann ich Steuern sp\u00e4ter zahlen?\u201c<\/a><\/p>\n\n\t\t<\/div>\n\t<\/div>\n<\/div><\/div><div class=\"vc_tta-panel\" id=\"1634138045428-cf31dfc6-4bed\" data-vc-content=\".vc_tta-panel-body\"><div class=\"vc_tta-panel-heading\"><h4 class=\"vc_tta-panel-title vc_tta-controls-icon-position-left\"><a href=\"#1634138045428-cf31dfc6-4bed\" data-vc-accordion data-vc-container=\".vc_tta-container\"><span class=\"vc_tta-title-text\">In the context of a divorce, real estate, a stock portfolio, or a business is sold or transferred to one spouse. Is this always tax-free?<\/span><i class=\"vc_tta-controls-icon vc_tta-controls-icon-plus\"><\/i><\/a><\/h4><\/div><div class=\"vc_tta-panel-body\">\n\t<div class=\"wpb_text_column wpb_content_element post-formatting\" >\n\t\t<div class=\"wpb_wrapper\">\n\t\t\t<p>NO. There is no general tax exemption for transactions on separation and divorce.<\/p>\n<p>If spouses transfer assets to each other in the course of a divorce, whether it is a property, shares in a company or a share deposit, the transfer may be subject to income tax. For many, the tax comes as a surprise when the divorce is finalised. Then it is usually too late to choose a more tax-efficient way. The frustration is great when one spouse pays the taxes and consequently has significantly less money at their disposal than was anticipated at the time of the divorce.<\/p>\n<p>It is therefore advisable to have the planned distribution of assets examined for tax purposes. There are often ways that lead to a comparable result, but cost less in taxes.<\/p>\n\n\t\t<\/div>\n\t<\/div>\n<\/div><\/div><div class=\"vc_tta-panel\" id=\"1634138068152-cd0cbd61-9288\" data-vc-content=\".vc_tta-panel-body\"><div class=\"vc_tta-panel-heading\"><h4 class=\"vc_tta-panel-title vc_tta-controls-icon-position-left\"><a href=\"#1634138068152-cd0cbd61-9288\" data-vc-accordion data-vc-container=\".vc_tta-container\"><span class=\"vc_tta-title-text\">Can the tax auditor request documents?<\/span><i class=\"vc_tta-controls-icon vc_tta-controls-icon-plus\"><\/i><\/a><\/h4><\/div><div class=\"vc_tta-panel-body\">\n\t<div class=\"wpb_text_column wpb_content_element post-formatting\" >\n\t\t<div class=\"wpb_wrapper\">\n\t\t\t<p>The tax auditor may inspect the entire bookkeeping, i.e. in particular examine all invoices. The corresponding contracts, e.g. rental or purchase contracts, must also be presented.<\/p>\n<p>The company is responsible for ensuring that the receipts are correct and complete. A company must document two areas in particular detail:<\/p>\n<ul>\n<li>Business relations abroad<\/li>\n<li>Transactions with related parties, i.e. with shareholders, their relatives and companies belonging to the same group of companies (both domestic and foreign).<\/li>\n<\/ul>\n<p>It is advisable to collect and file receipts in an orderly manner during the course of business. Longer periods are often audited; four years and more are not uncommon. The longer the period, the more difficult it is to find adequate receipts.<\/p>\n\n\t\t<\/div>\n\t<\/div>\n<\/div><\/div><div class=\"vc_tta-panel\" id=\"1770301878946-f363dd30-6c36\" data-vc-content=\".vc_tta-panel-body\"><div class=\"vc_tta-panel-heading\"><h4 class=\"vc_tta-panel-title vc_tta-controls-icon-position-left\"><a href=\"#1770301878946-f363dd30-6c36\" data-vc-accordion data-vc-container=\".vc_tta-container\"><span class=\"vc_tta-title-text\">I am an \"Accidental American\", i.e. I have US citizenship because I was born there. Now I have problems with my bank because of this. What can I do?<\/span><i class=\"vc_tta-controls-icon vc_tta-controls-icon-plus\"><\/i><\/a><\/h4><\/div><div class=\"vc_tta-panel-body\">\n\t<div class=\"wpb_text_column wpb_content_element post-formatting\" >\n\t\t<div class=\"wpb_wrapper\">\n\t\t\t<p>As soon as a bank does business with a US citizen, it is subject to special due diligence obligations. Many banks only accept US citizens as customers under certain conditions. This also applies to so-called Accidental Americans, i.e. people who have only obtained citizenship by chance through birth in the USA.<\/p>\n<p>I will support you in your correspondence with the banks and, if desired, cooperate with specialists in the USA, to renounce your US citizenship.<\/p>\n\n\t\t<\/div>\n\t<\/div>\n<\/div><\/div><\/div><\/div><\/div><\/div><\/div><\/div><\/div><\/div><\/div>\n<\/div>","protected":false},"excerpt":{"rendered":"FAQ Bereich H\u00e4ufig gestellte Fragen Die auf dieser Seite enthaltenen Informationen dienen lediglich der ersten Information. Sie k\u00f6nnen eine individuelle Rechtsberatung nicht ersetzen. Eine Haftung f\u00fcr den Inhalt dieser Seite (insbesondere f\u00fcr Richtigkeit und Aktualit\u00e4t) ist deshalb ausgeschlossen. Sie m\u00f6chten eine individuelle Beratung? Bitte vereinbaren Sie einen Termin telefonisch unter +49 711 23735888 oder schreiben&hellip;","protected":false},"author":1,"featured_media":0,"parent":0,"menu_order":0,"comment_status":"closed","ping_status":"closed","template":"","meta":{"_acf_changed":false,"footnotes":""},"class_list":["post-1719","page","type-page","status-publish","hentry"],"acf":[],"_links":{"self":[{"href":"https:\/\/zillmer-steuerrecht.de\/en\/wp-json\/wp\/v2\/pages\/1719","targetHints":{"allow":["GET"]}}],"collection":[{"href":"https:\/\/zillmer-steuerrecht.de\/en\/wp-json\/wp\/v2\/pages"}],"about":[{"href":"https:\/\/zillmer-steuerrecht.de\/en\/wp-json\/wp\/v2\/types\/page"}],"author":[{"embeddable":true,"href":"https:\/\/zillmer-steuerrecht.de\/en\/wp-json\/wp\/v2\/users\/1"}],"replies":[{"embeddable":true,"href":"https:\/\/zillmer-steuerrecht.de\/en\/wp-json\/wp\/v2\/comments?post=1719"}],"version-history":[{"count":38,"href":"https:\/\/zillmer-steuerrecht.de\/en\/wp-json\/wp\/v2\/pages\/1719\/revisions"}],"predecessor-version":[{"id":1870,"href":"https:\/\/zillmer-steuerrecht.de\/en\/wp-json\/wp\/v2\/pages\/1719\/revisions\/1870"}],"wp:attachment":[{"href":"https:\/\/zillmer-steuerrecht.de\/en\/wp-json\/wp\/v2\/media?parent=1719"}],"curies":[{"name":"wp","href":"https:\/\/api.w.org\/{rel}","templated":true}]}}