{"id":19,"date":"2018-07-09T14:04:08","date_gmt":"2018-07-09T14:04:08","guid":{"rendered":"http:\/\/demo-content.kaliumtheme.com\/law\/?page_id=19"},"modified":"2026-02-11T10:49:42","modified_gmt":"2026-02-11T09:49:42","slug":"themen","status":"publish","type":"page","link":"https:\/\/zillmer-steuerrecht.de\/en\/themen\/","title":{"rendered":"Topics"},"content":{"rendered":"<div class=\"wpb-content-wrapper\"><div class=\"vc-row-container container\"><div data-vc-full-width=\"true\" data-vc-full-width-temp=\"true\" data-vc-full-width-init=\"false\" data-vc-parallax=\"1.5\" data-vc-parallax-o-fade=\"on\" data-vc-parallax-image=\"https:\/\/zillmer-steuerrecht.de\/wp-content\/uploads\/2020\/05\/Z1A1232.jpg\" class=\"vc_row wpb_row vc_row-fluid vc_custom_1599049937829 vc_row-has-fill vc_general vc_parallax vc_parallax-content-moving-fade js-vc_parallax-o-fade row-stretch\"><div class=\"wpb_column vc_column_container vc_col-sm-12\"><div class=\"vc_column-inner\"><div class=\"wpb_wrapper\"><\/div><\/div><\/div><\/div><div class=\"vc_row-full-width vc_clearfix\"><\/div><\/div><div class=\"vc-row-container container\"><div class=\"vc_row wpb_row vc_row-fluid vc_custom_1585222928299\"><div class=\"wpb_column vc_column_container vc_col-sm-12\"><div class=\"vc_column-inner vc_custom_1561369125212\"><div class=\"wpb_wrapper\">\n\t<div class=\"wpb_text_column wpb_content_element post-formatting\" >\n\t\t<div class=\"wpb_wrapper\">\n\t\t\t<h1>Topics<\/h1>\n\n\t\t<\/div>\n\t<\/div>\n\n\t<div class=\"wpb_text_column wpb_content_element post-formatting\" >\n\t\t<div class=\"wpb_wrapper\">\n\t\t\t<p>Many business and private actions have tax consequences \u2013 sometimes obvious and often unexpected. Adapting contractual arrangements and business practices accordingly minimizes risks and costs.<\/p>\n\n\t\t<\/div>\n\t<\/div>\n<\/div><\/div><\/div><\/div><\/div><div class=\"vc-row-container container\"><div class=\"vc_row wpb_row vc_row-fluid vc_custom_1585222949489\"><div class=\"wpb_column vc_column_container vc_col-sm-12\"><div class=\"vc_column-inner\"><div class=\"wpb_wrapper\"><div class=\"vc_separator wpb_content_element vc_separator_align_center vc_sep_width_100 vc_sep_pos_align_center vc_separator_no_text wpb_content_element  wpb_content_element\" ><span class=\"vc_sep_holder vc_sep_holder_l\"><span style=\"border-color:#898989;\" class=\"vc_sep_line\"><\/span><\/span><span class=\"vc_sep_holder vc_sep_holder_r\"><span style=\"border-color:#898989;\" class=\"vc_sep_line\"><\/span><\/span>\n<\/div>\n\t<div class=\"wpb_text_column wpb_content_element post-formatting\" >\n\t\t<div class=\"wpb_wrapper\">\n\t\t\t<h3 style=\"text-align: center;\">Tax law advice - an overview of the most important topics:<\/h3>\n\n\t\t<\/div>\n\t<\/div>\n<div class=\"vc_row wpb_row vc_inner vc_row-fluid\"><div class=\"wpb_column vc_column_container vc_col-sm-6\"><div class=\"vc_column-inner\"><div class=\"wpb_wrapper\">\n\t<div class=\"wpb_text_column wpb_content_element post-formatting\" >\n\t\t<div class=\"wpb_wrapper\">\n\t\t\t<h4>Drafting contracts<\/h4>\n<p>In a perfect world, contracts provide an exact representation of structures and procedures and at the same time minimize the tax burden.<\/p>\n\n\t\t<\/div>\n\t<\/div>\n<\/div><\/div><\/div><div class=\"wpb_column vc_column_container vc_col-sm-6\"><div class=\"vc_column-inner\"><div class=\"wpb_wrapper\">\n\t<div class=\"wpb_text_column wpb_content_element post-formatting\" >\n\t\t<div class=\"wpb_wrapper\">\n\t\t\t<h4>Prenuptial agreements<\/h4>\n<p>Prenuptial agreements create planning security - whether at the time of marriage, during the marriage or as a post-divorce agreement. Couples without a marriage certificate also benefit from a contractual arrangement, e.g. when jointly buying their own home. Together with your family lawyer, I create a tax efficient solution.<\/p>\n\n\t\t<\/div>\n\t<\/div>\n<\/div><\/div><\/div><\/div><div class=\"vc_row wpb_row vc_inner vc_row-fluid\"><div class=\"wpb_column vc_column_container vc_col-sm-6\"><div class=\"vc_column-inner\"><div class=\"wpb_wrapper\">\n\t<div class=\"wpb_text_column wpb_content_element post-formatting\" >\n\t\t<div class=\"wpb_wrapper\">\n\t\t\t<h4>Setting up and developing a business<\/h4>\n<p>Business plans have long-term tax consequences. These need to be taken into account from the outset.<\/p>\n\n\t\t<\/div>\n\t<\/div>\n<\/div><\/div><\/div><div class=\"wpb_column vc_column_container vc_col-sm-6\"><div class=\"vc_column-inner\"><div class=\"wpb_wrapper\">\n\t<div class=\"wpb_text_column wpb_content_element post-formatting\" >\n\t\t<div class=\"wpb_wrapper\">\n\t\t\t<h4>Taxes during separation and divorce<\/h4>\n<p>During the separation phase, couples negotiate financial claims. Together with your family lawyer, I devise a tax-optimized solution that considers the interests of all parties involved. This is particularly important for business owners who want to protect their businesses.<\/p>\n\n\t\t<\/div>\n\t<\/div>\n<\/div><\/div><\/div><\/div><div class=\"vc_row wpb_row vc_inner vc_row-fluid\"><div class=\"wpb_column vc_column_container vc_col-sm-6\"><div class=\"vc_column-inner\"><div class=\"wpb_wrapper\">\n\t<div class=\"wpb_text_column wpb_content_element post-formatting\" >\n\t\t<div class=\"wpb_wrapper\">\n\t\t\t<h4>Asset and business succession\/emergency planning<\/h4>\n<p>Many families would like to transfer family assets to beneficiaries in a sustainable and tax-optimized manner. In addition, you can make comprehensive provisions for possible emergency situations (sudden illness, accidents etc.).<\/p>\n\n\t\t<\/div>\n\t<\/div>\n<\/div><\/div><\/div><div class=\"wpb_column vc_column_container vc_col-sm-6\"><div class=\"vc_column-inner\"><div class=\"wpb_wrapper\">\n\t<div class=\"wpb_text_column wpb_content_element post-formatting\" >\n\t\t<div class=\"wpb_wrapper\">\n\t\t\t<h4>Disputes with the tax office and tax audits<\/h4>\n<p>If you are unable to reach an agreement with the tax office, I will represent you or your company in objection and appeal proceedings. Ideally, this should already be done during the tax audit, as soon as disputes arise.<\/p>\n\n\t\t<\/div>\n\t<\/div>\n<\/div><\/div><\/div><\/div><div class=\"vc_row wpb_row vc_inner vc_row-fluid\"><div class=\"wpb_column vc_column_container vc_col-sm-6\"><div class=\"vc_column-inner\"><div class=\"wpb_wrapper\">\n\t<div class=\"wpb_text_column wpb_content_element post-formatting\" >\n\t\t<div class=\"wpb_wrapper\">\n\t\t\t<h4>Integration of private and business assets | Asset Protection<\/h4>\n<p>Private and business assets are often closely integrated. A clear attribution minimizes financial risks.<\/p>\n\n\t\t<\/div>\n\t<\/div>\n<\/div><\/div><\/div><\/div><\/div><\/div><\/div><\/div><\/div>\n<\/div>","protected":false},"excerpt":{"rendered":"Themen Viele Handlungen im privaten und unternehmerischen Umfeld haben steuerliche Konsequenzen \u2013 offensichtliche und unerwartete. Wer diese Konsequenzen von vorne herein in Vertr\u00e4ge sowie die betriebliche Praxis aufnimmt, minimiert Risiken und Kosten. Steuerrechtliche Beratung \u2013 die wichtigsten Themenbereiche im \u00dcberblick: Vertragsgestaltung Der ideale Vertrag bildet Ihre Strukturen und Abl\u00e4ufe exakt ab und h\u00e4lt die Steuerlast&hellip;","protected":false},"author":1,"featured_media":0,"parent":0,"menu_order":0,"comment_status":"closed","ping_status":"closed","template":"","meta":{"_acf_changed":false,"footnotes":""},"class_list":["post-19","page","type-page","status-publish","hentry"],"acf":[],"_links":{"self":[{"href":"https:\/\/zillmer-steuerrecht.de\/en\/wp-json\/wp\/v2\/pages\/19","targetHints":{"allow":["GET"]}}],"collection":[{"href":"https:\/\/zillmer-steuerrecht.de\/en\/wp-json\/wp\/v2\/pages"}],"about":[{"href":"https:\/\/zillmer-steuerrecht.de\/en\/wp-json\/wp\/v2\/types\/page"}],"author":[{"embeddable":true,"href":"https:\/\/zillmer-steuerrecht.de\/en\/wp-json\/wp\/v2\/users\/1"}],"replies":[{"embeddable":true,"href":"https:\/\/zillmer-steuerrecht.de\/en\/wp-json\/wp\/v2\/comments?post=19"}],"version-history":[{"count":26,"href":"https:\/\/zillmer-steuerrecht.de\/en\/wp-json\/wp\/v2\/pages\/19\/revisions"}],"predecessor-version":[{"id":1864,"href":"https:\/\/zillmer-steuerrecht.de\/en\/wp-json\/wp\/v2\/pages\/19\/revisions\/1864"}],"wp:attachment":[{"href":"https:\/\/zillmer-steuerrecht.de\/en\/wp-json\/wp\/v2\/media?parent=19"}],"curies":[{"name":"wp","href":"https:\/\/api.w.org\/{rel}","templated":true}]}}