{"id":21,"date":"2018-07-09T14:04:14","date_gmt":"2018-07-09T14:04:14","guid":{"rendered":"http:\/\/demo-content.kaliumtheme.com\/law\/?page_id=21"},"modified":"2026-02-11T10:42:39","modified_gmt":"2026-02-11T09:42:39","slug":"home","status":"publish","type":"page","link":"https:\/\/zillmer-steuerrecht.de\/en\/","title":{"rendered":"Home"},"content":{"rendered":"<div class=\"wpb-content-wrapper\"><div class=\"vc-row-container vc-row-container--stretch-content-no-spaces\"><div data-vc-full-width=\"true\" data-vc-full-width-temp=\"true\" data-vc-full-width-init=\"false\" data-vc-stretch-content=\"true\" class=\"vc_row wpb_row vc_row-fluid vc_custom_1591687488180 vc_row-has-fill vc_row-no-padding vc_row-o-content-middle vc_row-flex\"><div class=\"wpb_column vc_column_container vc_col-sm-12 vc_col-has-fill\"><div class=\"vc_column-inner vc_custom_1634136913817\"><div class=\"wpb_wrapper\">\n\t<div  class=\"wpb_single_image wpb_content_element vc_align_center wpb_content_element\">\n\t\t\n\t\t<figure class=\"wpb_wrapper vc_figure\">\n\t\t\t<div class=\"vc_single_image-wrapper   vc_box_border_grey\"><img decoding=\"async\" class=\"vc_single_image-img\" src=\"https:\/\/zillmer-steuerrecht.de\/wp-content\/uploads\/2020\/07\/Inga--scaled.jpg\" width=\"2560\" height=\"1057\" alt=\"Inga Zillmer\" title=\"Inga Zillmer\" loading=\"lazy\" \/><\/div>\n\t\t<\/figure>\n\t<\/div>\n<\/div><\/div><\/div><\/div><div class=\"vc_row-full-width vc_clearfix\"><\/div><\/div><div class=\"vc-row-container container\"><div class=\"vc_row wpb_row vc_row-fluid vc_custom_1561457718322\"><div class=\"wpb_column vc_column_container vc_col-sm-12\"><div class=\"vc_column-inner\"><div class=\"wpb_wrapper\">\n\t<div class=\"wpb_text_column wpb_content_element vc_custom_1561474197259 post-formatting\" >\n\t\t<div class=\"wpb_wrapper\">\n\t\t\t<h2 style=\"text-align: center;\">Inga Zillmer, Lawyer | Certified Tax Lawyer<\/h2>\n\n\t\t<\/div>\n\t<\/div>\n<div class=\"vc_row wpb_row vc_inner vc_row-fluid\"><div class=\"wpb_column vc_column_container vc_col-sm-4\"><div class=\"vc_column-inner\"><div class=\"wpb_wrapper\">\n\t<div class=\"wpb_text_column wpb_content_element post-formatting\" >\n\t\t<div class=\"wpb_wrapper\">\n\t\t\t<h3>Tax structuring<\/h3>\n<div>\n<p>Complex tax law requires special expertise. Tax-optimized solutions for individuals and companies increase long-term planning security and minimize financial burdens.<\/p>\n<\/div>\n\n\t\t<\/div>\n\t<\/div>\n<\/div><\/div><\/div><div class=\"wpb_column vc_column_container vc_col-sm-4\"><div class=\"vc_column-inner\"><div class=\"wpb_wrapper\">\n\t<div class=\"wpb_text_column wpb_content_element post-formatting\" >\n\t\t<div class=\"wpb_wrapper\">\n\t\t\t<h3>Defence of claims<\/h3>\n<p>Do you consider a tax claim unjustified?<\/p>\n<p>I evaluate the prospects of success and represent you against the tax authorities in opposition proceedings and before the tax court.<\/p>\n\n\t\t<\/div>\n\t<\/div>\n<\/div><\/div><\/div><div class=\"wpb_column vc_column_container vc_col-sm-4\"><div class=\"vc_column-inner\"><div class=\"wpb_wrapper\">\n\t<div class=\"wpb_text_column wpb_content_element post-formatting\" >\n\t\t<div class=\"wpb_wrapper\">\n\t\t\t<h3>International expertise<\/h3>\n<p>Anyone who works or lives across borders is confronted with complex taxation issues. Together with our international network, we develop sustainable concepts to minimize the tax burden.<\/p>\n\n\t\t<\/div>\n\t<\/div>\n<\/div><\/div><\/div><\/div><\/div><\/div><\/div><\/div><\/div><div class=\"vc-row-container container parent--welcome-box\"><div data-vc-full-width=\"true\" data-vc-full-width-temp=\"true\" data-vc-full-width-init=\"false\" class=\"vc_row wpb_row vc_row-fluid welcome-box vc_custom_1590401716452 vc_row-has-fill vc_row-o-content-top vc_row-flex row-stretch\"><div class=\"wpb_column vc_column_container vc_col-sm-6\"><div class=\"vc_column-inner\"><div class=\"wpb_wrapper\"><h4 style=\"text-align: left\" class=\"vc_custom_heading vc_do_custom_heading welcome-title\" >Your issues<\/h4>\n\t<div class=\"wpb_text_column wpb_content_element vc_custom_1635155273232 post-formatting\" >\n\t\t<div class=\"wpb_wrapper\">\n\t\t\t<ul>\n<li>Corporate restructuring\nBusiness engagement abroad\nTransfer of assets within the family\nDisputes with the tax authorities<\/li>\n<li>Business engagement abroad<\/li>\n<li>Transfer of assets within the family<\/li>\n<li>Disputes with the tax authorities<\/li>\n<\/ul>\n\n\t\t<\/div>\n\t<\/div>\n<style data-appended-custom-css=\"true\">.btn-index-1 {background: #a22500 !important;}<\/style><style data-appended-custom-css=\"true\">.btn-index-1 {color: #ffffff !important;}<\/style><a href=\"http:\/\/website.zillmer-steuerrecht.de\/themen\/\" title=\"Topics\" target=\"\" class=\"laborator-btn btn btn-index-1 btn-type-standard  btn-normal vc_custom_1603350848320\">Find out more<\/a>\n<h4 style=\"text-align: left\" class=\"vc_custom_heading vc_do_custom_heading welcome-title\" >My approach<\/h4>\n\t<div class=\"wpb_text_column wpb_content_element vc_custom_1770746763517 post-formatting\" >\n\t\t<div class=\"wpb_wrapper\">\n\t\t\t<p><strong>Tailor-made consulting<br \/>\nIndividual - structured - goal-oriented.<br \/>\nOn your request hand in hand with your tax advisor and\/or your legal team.<br \/>\n<\/strong><\/p>\n\n\t\t<\/div>\n\t<\/div>\n<style data-appended-custom-css=\"true\">.btn-index-2 {background: #a22500 !important;}<\/style><style data-appended-custom-css=\"true\">.btn-index-2 {color: #ffffff !important;}<\/style><a href=\"http:\/\/website.zillmer-steuerrecht.de\/beratungsphilosophie\/\" title=\"Find out more\" target=\"\" class=\"laborator-btn btn btn-index-2 btn-type-standard  btn-normal vc_custom_1603350918520\">Find out more<\/a>\n<\/div><\/div><\/div><div class=\"wpb_column vc_column_container vc_col-sm-6\"><div class=\"vc_column-inner\"><div class=\"wpb_wrapper\">\n\t<div  class=\"wpb_single_image wpb_content_element vc_align_right wpb_content_element vc_custom_1629970043171\">\n\t\t\n\t\t<figure class=\"wpb_wrapper vc_figure\">\n\t\t\t<div class=\"vc_single_image-wrapper vc_box_rounded  vc_box_border_grey\"><img loading=\"lazy\" decoding=\"async\" width=\"945\" height=\"630\" src=\"https:\/\/zillmer-steuerrecht.de\/wp-content\/uploads\/2020\/06\/Inga3-1024x683.jpg\" class=\"vc_single_image-img attachment-large\" alt=\"\" title=\"Inga3\" srcset=\"https:\/\/zillmer-steuerrecht.de\/wp-content\/uploads\/2020\/06\/Inga3-1024x683.jpg 1024w, https:\/\/zillmer-steuerrecht.de\/wp-content\/uploads\/2020\/06\/Inga3-300x200.jpg 300w, https:\/\/zillmer-steuerrecht.de\/wp-content\/uploads\/2020\/06\/Inga3-768x512.jpg 768w, https:\/\/zillmer-steuerrecht.de\/wp-content\/uploads\/2020\/06\/Inga3-1536x1024.jpg 1536w, https:\/\/zillmer-steuerrecht.de\/wp-content\/uploads\/2020\/06\/Inga3-2048x1365.jpg 2048w, https:\/\/zillmer-steuerrecht.de\/wp-content\/uploads\/2020\/06\/Inga3-1612x1075.jpg 1612w, https:\/\/zillmer-steuerrecht.de\/wp-content\/uploads\/2020\/06\/Inga3-1116x744.jpg 1116w, https:\/\/zillmer-steuerrecht.de\/wp-content\/uploads\/2020\/06\/Inga3-806x537.jpg 806w, https:\/\/zillmer-steuerrecht.de\/wp-content\/uploads\/2020\/06\/Inga3-558x372.jpg 558w, https:\/\/zillmer-steuerrecht.de\/wp-content\/uploads\/2020\/06\/Inga3-655x437.jpg 655w\" sizes=\"auto, (max-width: 945px) 100vw, 945px\" \/><\/div>\n\t\t<\/figure>\n\t<\/div>\n<\/div><\/div><\/div><\/div><div class=\"vc_row-full-width vc_clearfix\"><\/div><\/div><div class=\"vc-row-container container\"><div class=\"vc_row wpb_row vc_row-fluid vc_custom_1561460101784\"><div class=\"wpb_column vc_column_container vc_col-sm-12\"><div class=\"vc_column-inner\"><div class=\"wpb_wrapper\"><div class=\"vc_row wpb_row vc_inner vc_row-fluid\"><div class=\"wpb_column vc_column_container vc_col-sm-12\"><div class=\"vc_column-inner\"><div class=\"wpb_wrapper\">\n\t<div class=\"wpb_text_column wpb_content_element post-formatting\" >\n\t\t<div class=\"wpb_wrapper\">\n\t\t\t<p>Every case is different. The goal is tailor-made advice. A comprehensive analysis of the facts and circumstances is therefore always the first step. Individual - creative - goal-oriented.<\/p>\n\n\t\t<\/div>\n\t<\/div>\n<\/div><\/div><\/div><\/div><div class=\"vc_row wpb_row vc_inner vc_row-fluid vc_custom_1561460471432 vc_row-o-equal-height vc_row-flex\"><div class=\"wpb_column vc_column_container vc_col-sm-6\"><div class=\"vc_column-inner\"><div class=\"wpb_wrapper\">\n\t<div class=\"wpb_text_column wpb_content_element post-formatting\" >\n\t\t<div class=\"wpb_wrapper\">\n\t\t\t<h3>Your advantages<\/h3>\n<ul>\n<li>You gain legal security.<\/li>\n<li>You minimize financial risks.<\/li>\n<li>You gain clarity for your decisions.<\/li>\n<li>You can plan for the long term.<\/li>\n<\/ul>\n\n\t\t<\/div>\n\t<\/div>\n<\/div><\/div><\/div><div class=\"wpb_column vc_column_container vc_col-sm-6\"><div class=\"vc_column-inner\"><div class=\"wpb_wrapper\">\n\t<div class=\"wpb_text_column wpb_content_element post-formatting\" >\n\t\t<div class=\"wpb_wrapper\">\n\t\t\t<h3>Get to know us<\/h3>\n<p>Start your tax-secure future now.<\/p>\n\n\t\t<\/div>\n\t<\/div>\n<style data-appended-custom-css=\"true\">.btn-index-3 {background: #a22500 !important;}<\/style><style data-appended-custom-css=\"true\">.btn-index-3 {color: #ffffff !important;}<\/style><a href=\"http:\/\/website.zillmer-steuerrecht.de\/kontakt\/\" title=\"Contact\" target=\"\" class=\"laborator-btn btn btn-index-3 btn-type-standard  btn-normal vc_custom_1635156059272\">Contact<\/a>\n<\/div><\/div><\/div><\/div><style data-appended-custom-css=\"true\">.btn-index-4 {background: #a22500 !important;}<\/style><style data-appended-custom-css=\"true\">.btn-index-4 {color: #ffffff !important;}<\/style><a href=\"http:\/\/website.zillmer-steuerrecht.de\/beratungsphilosophie\/\" title=\"Find out more\" target=\"\" class=\"laborator-btn btn btn-index-4 btn-type-standard  btn-normal vc_custom_1603350918520\">Find out more<\/a>\n<\/div><\/div><\/div><\/div><\/div><div class=\"vc-row-container container\"><div data-vc-full-width=\"true\" data-vc-full-width-temp=\"true\" data-vc-full-width-init=\"false\" data-vc-parallax=\"1.5\" data-vc-parallax-image=\"https:\/\/zillmer-steuerrecht.de\/wp-content\/uploads\/2020\/05\/Z1A1232.jpg\" class=\"vc_row wpb_row vc_row-fluid vc_custom_1597672625669 vc_row-has-fill vc_general vc_parallax vc_parallax-content-moving row-stretch\"><div class=\"wpb_column vc_column_container vc_col-sm-6 vc_col-lg-6 vc_col-xs-12\"><div class=\"vc_column-inner\"><div class=\"wpb_wrapper\"><\/div><\/div><\/div><div class=\"wpb_column vc_column_container vc_col-sm-6\"><div class=\"vc_column-inner\"><div class=\"wpb_wrapper\"><\/div><\/div><\/div><\/div><div class=\"vc_row-full-width vc_clearfix\"><\/div><\/div>\n<\/div>","protected":false},"excerpt":{"rendered":"Inga Zillmer, Rechtsanw\u00e4ltin | Fachanw\u00e4ltin f\u00fcr Steuerrecht Steuerliche Gestaltung Das komplexe Steuerrecht erfordert besondere Expertise. Steuerlich optimierte L\u00f6sungen f\u00fcr Privatpersonen und Unternehmen erh\u00f6hen langfristig die Planungssicherheit und minimieren finanzielle Belastungen. Abwehr von Forderungen Sie erachten eine Steuerforderung als ungerechtfertigt? Ich bewerte die Erfolgsaussichten und vertrete Sie gegen\u00fcber den Finanzbeh\u00f6rden im Einspruchsverfahren und vor dem Finanzgericht.&hellip;","protected":false},"author":1,"featured_media":0,"parent":0,"menu_order":0,"comment_status":"closed","ping_status":"closed","template":"","meta":{"_acf_changed":false,"footnotes":""},"class_list":["post-21","page","type-page","status-publish","hentry"],"acf":[],"_links":{"self":[{"href":"https:\/\/zillmer-steuerrecht.de\/en\/wp-json\/wp\/v2\/pages\/21","targetHints":{"allow":["GET"]}}],"collection":[{"href":"https:\/\/zillmer-steuerrecht.de\/en\/wp-json\/wp\/v2\/pages"}],"about":[{"href":"https:\/\/zillmer-steuerrecht.de\/en\/wp-json\/wp\/v2\/types\/page"}],"author":[{"embeddable":true,"href":"https:\/\/zillmer-steuerrecht.de\/en\/wp-json\/wp\/v2\/users\/1"}],"replies":[{"embeddable":true,"href":"https:\/\/zillmer-steuerrecht.de\/en\/wp-json\/wp\/v2\/comments?post=21"}],"version-history":[{"count":54,"href":"https:\/\/zillmer-steuerrecht.de\/en\/wp-json\/wp\/v2\/pages\/21\/revisions"}],"predecessor-version":[{"id":1861,"href":"https:\/\/zillmer-steuerrecht.de\/en\/wp-json\/wp\/v2\/pages\/21\/revisions\/1861"}],"wp:attachment":[{"href":"https:\/\/zillmer-steuerrecht.de\/en\/wp-json\/wp\/v2\/media?parent=21"}],"curies":[{"name":"wp","href":"https:\/\/api.w.org\/{rel}","templated":true}]}}